{"id":73,"date":"2015-04-02T18:29:07","date_gmt":"2015-04-02T18:29:07","guid":{"rendered":"http:\/\/decosolutions.ca\/2015\/?page_id=73"},"modified":"2015-04-20T18:05:31","modified_gmt":"2015-04-20T18:05:31","slug":"referencement","status":"publish","type":"page","link":"http:\/\/decosolutions.ca\/en\/referencement\/","title":{"rendered":"Referal"},"content":{"rendered":"<h1><img loading=\"lazy\" decoding=\"async\" class=\"alignright size-full wp-image-74\" src=\"http:\/\/decosolutions.ca\/wp-content\/uploads\/2015\/04\/money.jpg\" alt=\"\" width=\"548\" height=\"365\" srcset=\"http:\/\/decosolutions.ca\/wp-content\/uploads\/2015\/04\/money.jpg 548w, http:\/\/decosolutions.ca\/wp-content\/uploads\/2015\/04\/money-300x200.jpg 300w\" sizes=\"auto, (max-width: 548px) 100vw, 548px\" \/>REFERAL<\/h1>\n<p><strong>A satisfied customer attracts another!<\/strong><\/p>\n<p>Do you want to refer a potential client to Deco Solutions? Send us your contact information (name, email and phone number) and the details of the person you want us to see. Referring a client,<strong> it pays!<\/strong><\/p>\n<p>It\u2019s your choice, 1 &#8211; <strong>$ 150.00<\/strong> discount applicable on your bill when you refer becomes a contract or 2- check for the same amount (when your kitchen is finished).<\/p>\n","protected":false},"excerpt":{"rendered":"<p>REFERAL A satisfied customer attracts another! Do you want to refer a potential client to Deco Solutions? Send us your contact information (name, email and phone number) and the details of the person you want us to see. Referring a [&hellip;]<\/p>\n","protected":false},"author":1,"featured_media":0,"parent":0,"menu_order":0,"comment_status":"open","ping_status":"open","template":"","meta":{"footnotes":""},"class_list":["post-73","page","type-page","status-publish","hentry"],"yoast_head":"<!-- This site is optimized with the Yoast SEO plugin v24.2 - https:\/\/yoast.com\/wordpress\/plugins\/seo\/ -->\n<title>Referal | D\u00c9CO Solutions<\/title>\n<meta name=\"robots\" content=\"index, follow, max-snippet:-1, max-image-preview:large, max-video-preview:-1\" \/>\n<link rel=\"canonical\" href=\"http:\/\/decosolutions.ca\/referencement\/\" \/>\n<meta property=\"og:locale\" content=\"en_US\" \/>\n<meta property=\"og:type\" content=\"article\" \/>\n<meta property=\"og:title\" content=\"R\u00e9f\u00e9rencement | D\u00c9CO Solutions\" \/>\n<meta property=\"og:description\" content=\"REFERAL A satisfied customer attracts another! Do you want to refer a potential client to Deco Solutions? Send us your contact information (name, email and phone number) and the details of the person you want us to see. Referring a [&hellip;]\" \/>\n<meta property=\"og:url\" content=\"http:\/\/decosolutions.ca\/referencement\/\" \/>\n<meta property=\"og:site_name\" content=\"D\u00c9CO Solutions\" \/>\n<meta property=\"article:modified_time\" content=\"2015-04-20T18:05:31+00:00\" \/>\n<meta property=\"og:image\" content=\"http:\/\/decosolutions.ca\/wp-content\/uploads\/2015\/04\/money.jpg\" \/>\n<script type=\"application\/ld+json\" class=\"yoast-schema-graph\">{\"@context\":\"https:\/\/schema.org\",\"@graph\":[{\"@type\":\"WebPage\",\"@id\":\"http:\/\/decosolutions.ca\/referencement\/\",\"url\":\"http:\/\/decosolutions.ca\/referencement\/\",\"name\":\"R\u00e9f\u00e9rencement | D\u00c9CO Solutions\",\"isPartOf\":{\"@id\":\"http:\/\/decosolutions.ca\/#website\"},\"primaryImageOfPage\":{\"@id\":\"http:\/\/decosolutions.ca\/referencement\/#primaryimage\"},\"image\":{\"@id\":\"http:\/\/decosolutions.ca\/referencement\/#primaryimage\"},\"thumbnailUrl\":\"http:\/\/decosolutions.ca\/wp-content\/uploads\/2015\/04\/money.jpg\",\"datePublished\":\"2015-04-02T18:29:07+00:00\",\"dateModified\":\"2015-04-20T18:05:31+00:00\",\"breadcrumb\":{\"@id\":\"http:\/\/decosolutions.ca\/referencement\/#breadcrumb\"},\"inLanguage\":\"en-US\",\"potentialAction\":[{\"@type\":\"ReadAction\",\"target\":[\"http:\/\/decosolutions.ca\/referencement\/\"]}]},{\"@type\":\"ImageObject\",\"inLanguage\":\"en-US\",\"@id\":\"http:\/\/decosolutions.ca\/referencement\/#primaryimage\",\"url\":\"http:\/\/decosolutions.ca\/wp-content\/uploads\/2015\/04\/money.jpg\",\"contentUrl\":\"http:\/\/decosolutions.ca\/wp-content\/uploads\/2015\/04\/money.jpg\"},{\"@type\":\"BreadcrumbList\",\"@id\":\"http:\/\/decosolutions.ca\/referencement\/#breadcrumb\",\"itemListElement\":[{\"@type\":\"ListItem\",\"position\":1,\"name\":\"Home\",\"item\":\"http:\/\/decosolutions.ca\/\"},{\"@type\":\"ListItem\",\"position\":2,\"name\":\"R\u00e9f\u00e9rencement\"}]},{\"@type\":\"WebSite\",\"@id\":\"http:\/\/decosolutions.ca\/#website\",\"url\":\"http:\/\/decosolutions.ca\/\",\"name\":\"D\u00c9CO Solutions\",\"description\":\"Just another WordPress site\",\"potentialAction\":[{\"@type\":\"SearchAction\",\"target\":{\"@type\":\"EntryPoint\",\"urlTemplate\":\"http:\/\/decosolutions.ca\/?s={search_term_string}\"},\"query-input\":{\"@type\":\"PropertyValueSpecification\",\"valueRequired\":true,\"valueName\":\"search_term_string\"}}],\"inLanguage\":\"en-US\"}]}<\/script>\n<!-- \/ Yoast SEO plugin. -->","yoast_head_json":{"title":"Referal | D\u00c9CO Solutions","robots":{"index":"index","follow":"follow","max-snippet":"max-snippet:-1","max-image-preview":"max-image-preview:large","max-video-preview":"max-video-preview:-1"},"canonical":"http:\/\/decosolutions.ca\/referencement\/","og_locale":"en_US","og_type":"article","og_title":"R\u00e9f\u00e9rencement | D\u00c9CO Solutions","og_description":"REFERAL A satisfied customer attracts another! Do you want to refer a potential client to Deco Solutions? Send us your contact information (name, email and phone number) and the details of the person you want us to see. Referring a [&hellip;]","og_url":"http:\/\/decosolutions.ca\/referencement\/","og_site_name":"D\u00c9CO Solutions","article_modified_time":"2015-04-20T18:05:31+00:00","og_image":[{"url":"http:\/\/decosolutions.ca\/wp-content\/uploads\/2015\/04\/money.jpg","type":"","width":"","height":""}],"schema":{"@context":"https:\/\/schema.org","@graph":[{"@type":"WebPage","@id":"http:\/\/decosolutions.ca\/referencement\/","url":"http:\/\/decosolutions.ca\/referencement\/","name":"R\u00e9f\u00e9rencement | D\u00c9CO Solutions","isPartOf":{"@id":"http:\/\/decosolutions.ca\/#website"},"primaryImageOfPage":{"@id":"http:\/\/decosolutions.ca\/referencement\/#primaryimage"},"image":{"@id":"http:\/\/decosolutions.ca\/referencement\/#primaryimage"},"thumbnailUrl":"http:\/\/decosolutions.ca\/wp-content\/uploads\/2015\/04\/money.jpg","datePublished":"2015-04-02T18:29:07+00:00","dateModified":"2015-04-20T18:05:31+00:00","breadcrumb":{"@id":"http:\/\/decosolutions.ca\/referencement\/#breadcrumb"},"inLanguage":"en-US","potentialAction":[{"@type":"ReadAction","target":["http:\/\/decosolutions.ca\/referencement\/"]}]},{"@type":"ImageObject","inLanguage":"en-US","@id":"http:\/\/decosolutions.ca\/referencement\/#primaryimage","url":"http:\/\/decosolutions.ca\/wp-content\/uploads\/2015\/04\/money.jpg","contentUrl":"http:\/\/decosolutions.ca\/wp-content\/uploads\/2015\/04\/money.jpg"},{"@type":"BreadcrumbList","@id":"http:\/\/decosolutions.ca\/referencement\/#breadcrumb","itemListElement":[{"@type":"ListItem","position":1,"name":"Home","item":"http:\/\/decosolutions.ca\/"},{"@type":"ListItem","position":2,"name":"R\u00e9f\u00e9rencement"}]},{"@type":"WebSite","@id":"http:\/\/decosolutions.ca\/#website","url":"http:\/\/decosolutions.ca\/","name":"D\u00c9CO Solutions","description":"Just another WordPress site","potentialAction":[{"@type":"SearchAction","target":{"@type":"EntryPoint","urlTemplate":"http:\/\/decosolutions.ca\/?s={search_term_string}"},"query-input":{"@type":"PropertyValueSpecification","valueRequired":true,"valueName":"search_term_string"}}],"inLanguage":"en-US"}]}},"_links":{"self":[{"href":"http:\/\/decosolutions.ca\/en\/wp-json\/wp\/v2\/pages\/73","targetHints":{"allow":["GET"]}}],"collection":[{"href":"http:\/\/decosolutions.ca\/en\/wp-json\/wp\/v2\/pages"}],"about":[{"href":"http:\/\/decosolutions.ca\/en\/wp-json\/wp\/v2\/types\/page"}],"author":[{"embeddable":true,"href":"http:\/\/decosolutions.ca\/en\/wp-json\/wp\/v2\/users\/1"}],"replies":[{"embeddable":true,"href":"http:\/\/decosolutions.ca\/en\/wp-json\/wp\/v2\/comments?post=73"}],"version-history":[{"count":2,"href":"http:\/\/decosolutions.ca\/en\/wp-json\/wp\/v2\/pages\/73\/revisions"}],"predecessor-version":[{"id":224,"href":"http:\/\/decosolutions.ca\/en\/wp-json\/wp\/v2\/pages\/73\/revisions\/224"}],"wp:attachment":[{"href":"http:\/\/decosolutions.ca\/en\/wp-json\/wp\/v2\/media?parent=73"}],"curies":[{"name":"wp","href":"https:\/\/api.w.org\/{rel}","templated":true}]}}